{"id":88,"date":"2017-04-22T10:47:41","date_gmt":"2017-04-22T10:47:41","guid":{"rendered":"https:\/\/bdr-hamburg.de\/?page_id=88"},"modified":"2017-08-02T06:27:31","modified_gmt":"2017-08-02T04:27:31","slug":"berufsbild","status":"publish","type":"page","link":"https:\/\/bdr-hamburg.de\/?page_id=88","title":{"rendered":"Was ist ein Rechtspfleger?"},"content":{"rendered":"<div><span style=\"font-size: 10pt; font-family: verdana,geneva,sans-serif;\"><strong>Was ist ein Rechtspfleger?<\/strong><\/span><\/div>\n<div><span style=\"font-size: 10pt; font-family: verdana,geneva,sans-serif;\">\u00a0<\/span><\/div>\n<div><span style=\"font-size: 10pt; font-family: verdana,geneva,sans-serif;\">Rechtspflegerinnen und Rechtspfleger sind Fachjuristen, die insbesondere im Bereich der nichtstreitigen Gerichtsbarkeit die staatliche Rechtsf\u00fcrsorge bei den Amtsgerichten wahrnehmen. In der streitigen Gerichtsbarkeit sind sie vor allem in den Bereichen der Zwangsvollstreckung und der Kostenfestsetzung &#8222;zu Hause&#8220;. Daneben sind sie bei den Staatsanwaltschaften in der Strafvollstreckung t\u00e4tig.<\/span><\/div>\n<div><span style=\"font-size: 10pt; font-family: verdana,geneva,sans-serif;\">\u00a0<\/span><\/div>\n<div><span style=\"font-size: 10pt; font-family: verdana,geneva,sans-serif;\">Die Rechtspflegerinnen und Rechtspfleger nehmen die Ihnen durch das Rechtspflegergesetz \u00fcbertragenen Aufgaben der Dritten Gewalt in sachlicher Unabh\u00e4ngigkeit wahr. Sie repr\u00e4sentieren neben den Richtern das unabh\u00e4ngige &#8222;Gericht&#8220;.<\/span><\/div>\n<div><span style=\"font-size: 10pt; font-family: verdana,geneva,sans-serif;\">\u00a0<\/span><\/div>\n<div><span style=\"font-size: 10pt; font-family: verdana,geneva,sans-serif;\">Bei ihren Entscheidungen sind sie nur ihrem Gewissen und dem Gesetz unterworfen und an keine Weisung gebunden. Eine \u00dcberpr\u00fcfung ihrer Entscheidungen findet ausschlie\u00dflich im Rechtsmittelverfahren statt. Insofern ist die Stellung des Rechtspflegers mit der des Richters vergleichbar.<\/span><\/div>\n<div><span style=\"font-size: 10pt; font-family: verdana,geneva,sans-serif;\">\u00a0<\/span><\/div>\n<div><span style=\"font-size: 10pt; font-family: verdana,geneva,sans-serif;\">Rechtspflegerinnen und Rechtspfleger sind Beamte des gehobenen Justizdienstes.<\/span><\/div>\n<div><span style=\"font-size: 10pt; font-family: verdana,geneva,sans-serif;\"><strong>\u00a0<\/strong><\/span><\/div>\n<div><span style=\"font-size: 10pt; font-family: verdana,geneva,sans-serif;\"><strong>\u00a0<\/strong><\/span><\/div>\n<div><span style=\"font-size: 10pt; font-family: verdana,geneva,sans-serif;\"><strong>Wie wird man Rechtspfleger?<\/strong><\/span><\/div>\n<div><span style=\"font-size: 10pt; font-family: verdana,geneva,sans-serif;\">\u00a0<\/span><\/div>\n<div><span style=\"font-size: 10pt; font-family: verdana,geneva,sans-serif;\">Die Einstellung nach dem Abitur erfolgt bei den Oberlandesgerichten oder den Justizbeh\u00f6rden.<\/span><\/div>\n<div><span style=\"font-size: 10pt; font-family: verdana,geneva,sans-serif;\">\u00a0<\/span><\/div>\n<div><span style=\"font-size: 10pt; font-family: verdana,geneva,sans-serif;\">Das\u00a03-j\u00e4hrige Studium erfolgt an einer Fachhochschule f\u00fcr Rechtspflege (f\u00fcr Hamburg: <a href=\"http:\/\/www.fhr-nord.niedersachsen.de\/\" target=\"_blank\" rel=\"noopener noreferrer\">Norddeutsche Hochschule f\u00fcr Rechtspflege (FHR Nord) in Hildesheim<\/a>).<\/span><\/div>\n<div><span style=\"font-size: 10pt; font-family: verdana,geneva,sans-serif;\">\u00a0<\/span><\/div>\n<div><span style=\"font-size: 10pt; font-family: verdana,geneva,sans-serif;\">W\u00e4hrend des wissenschaftlich ausgerichteten Vollzeitstudiums werden neben den Grundlagen des Arbeits- und Handelsrechts insbesondere gr\u00fcndliche Kenntnisse unter anderem in den Bereichen Grundbuch-, Familien-, Erb-, und Registerrecht, Zivilprozessrecht, Zwangsvollstreckungs-, Zwangsversteigerungs-, und Insolvenzrecht, sowie im Strafvollstreckungsrecht vermittelt.<\/span><\/div>\n<div>\n<div><span style=\"font-size: 10pt; font-family: verdana,geneva,sans-serif;\">Die Kandidatinnen und Kandidaten erhalten nach erfolgreich abgeschlossenem Examen den akademischen Grad &#8222;Diplom-Rechtspfleger\/in&#8220; bzw. &#8222;Diplom-Rechtspfleger\/in (FH)&#8220; verliehen<\/span><\/div>\n<div><\/div>\n<div><span style=\"font-size: 10pt; font-family: verdana,geneva,sans-serif;\">N\u00e4here Informationen finden Sie unter <a href=\"https:\/\/bdr-hamburg.de\/?page_id=288\">Studium<\/a>.<\/span><\/div>\n<\/div>\n<div><\/div>\n<div>\n<div><span style=\"font-size: 10pt; font-family: verdana,geneva,sans-serif;\"><strong>\u00a0<\/strong><\/span><\/div>\n<div><span style=\"font-size: 10pt; font-family: verdana,geneva,sans-serif;\"><strong>\u00a0<\/strong><\/span><\/div>\n<div><span style=\"font-size: 10pt; font-family: verdana,geneva,sans-serif;\"><strong>Und was machen Rechtspfleger ?<\/strong><\/span><\/div>\n<div><span style=\"font-size: 10pt; font-family: verdana,geneva,sans-serif;\">\u00a0<\/span><\/div>\n<div><span style=\"font-size: 10pt; font-family: verdana,geneva,sans-serif;\">Bei den dem Rechtspfleger \u00fcbertragenen Aufgaben handelt es sich im Wesentlichen um ehemals richterliche Gesch\u00e4fte in dem umfangreichen Rechtsgebiet der Freiwilligen Gerichtsbarkeit und der Zwangsvollstreckung.<\/span><\/div>\n<div><span style=\"font-size: 10pt; font-family: verdana,geneva,sans-serif;\">\u00a0<\/span><\/div>\n<div><span style=\"font-size: 10pt; font-family: verdana,geneva,sans-serif;\">Beim <em>Betreuungs- und Familiengericht<\/em> bestellen und entlassen sie Vorm\u00fcnder und Pfleger und kontrollieren deren T\u00e4tigkeit. Ferner obliegt ihnen die Kontrolle der Amtsf\u00fchrung der von den Richtern bestellten Betreuer.<\/span><\/div>\n<div><span style=\"font-size: 10pt; font-family: verdana,geneva,sans-serif;\">\u00a0<\/span><\/div>\n<div><span style=\"font-size: 10pt; font-family: verdana,geneva,sans-serif;\">Sie genehmigen wichtige Rechtsgesch\u00e4fte der Eltern, Vorm\u00fcnder und Betreuer, die diese insbesondere im Bereich der Verm\u00f6gensvorsorge f\u00fcr deren Kinder, M\u00fcndel und Schutzbefohlenen abschliessen.<\/span><\/div>\n<div><span style=\"font-size: 10pt; font-family: verdana,geneva,sans-serif;\">Ebenso werden Vaterschaftsanerkenntnisse beurkundet.<\/span><\/div>\n<div><span style=\"font-size: 10pt; font-family: verdana,geneva,sans-serif;\">\u00a0<\/span><\/div>\n<div><span style=\"font-size: 10pt; font-family: verdana,geneva,sans-serif;\">Beim <em>Nachlassgericht<\/em> leiten die Rechtspfleger die Termine zur Testamentser\u00f6ffnung. Bei Eintritt der gesetzlichen Erbfolge entscheiden sie \u00fcber das Erbrecht und erteilen die Erbscheine. Sie f\u00fchren Nachlassverhandlungen und die Auseinandersetzung von Miterben durch. Ferner beurkunden sie Erbausschlagungen und f\u00fchren das Todeserkl\u00e4rungsverfahren durch.<\/span><\/div>\n<div><span style=\"font-size: 10pt; font-family: verdana,geneva,sans-serif;\">\u00a0<\/span><\/div>\n<div><span style=\"font-size: 10pt; font-family: verdana,geneva,sans-serif;\">In den <em>Grundbuchabteilungen der Amtsgerichte<\/em> entscheiden sie \u00fcber Antr\u00e4ge auf Eintragungen und L\u00f6schungen von Eigentumsrechten, Grundpfandrechten und sonstigen Belastungen bei Grundst\u00fccken und Eigentumswohnungen, sowie bei Schiffen (Schiffsregister).<\/span><\/div>\n<div><span style=\"font-size: 10pt; font-family: verdana,geneva,sans-serif;\">\u00a0<\/span><\/div>\n<div><span style=\"font-size: 10pt; font-family: verdana,geneva,sans-serif;\">Beim <em>Handelsregister <\/em>sind Rechtspfleger f\u00fcr die F\u00fchrung des Registers A (Einzelkaufleute und Personengesellschaften) voll und beim Register B (GmbH und Aktiengesellschaften) f\u00fcr die Pflege nach der Ersteintragung zust\u00e4ndig. Ferner obliegt ihnen die F\u00fchrung des G\u00fcterrechts-, Partnerschafts-, Genossenschafts- und Vereinsregisters.<\/span><\/div>\n<div><span style=\"font-size: 10pt; font-family: verdana,geneva,sans-serif;\">\u00a0<\/span><\/div>\n<div><span style=\"font-size: 10pt; font-family: verdana,geneva,sans-serif;\">Beim <em>Vollstreckungsgericht<\/em> f\u00fchren Rechtspfleger Zwangsversteigerungen von Grundst\u00fccken, Eigentumswohnungen und Schiffen durch und leiten die Gerichtstermine im Insolvenzverfahren. Sie erlassen Lohn- und Forderungspf\u00e4ndungsbeschl\u00fcsse und entscheiden im Volltreckungsschutzverfahren, auch bei Zwangsr\u00e4umungen von Wohnungen.<\/span><\/div>\n<div><span style=\"font-size: 10pt; font-family: verdana,geneva,sans-serif;\">\u00a0<\/span><\/div>\n<div><span style=\"font-size: 10pt; font-family: verdana,geneva,sans-serif;\">Bei den <em>Prozessgerichten<\/em> erlassen sie Mahn- und Vollstreckungsbescheide, sind im Prozesskostenhilfeverfahren zust\u00e4ndig f\u00fcr die Anweisung der Anwaltskosten und ggfls. deren Einziehung, wenn Prozeskostenhilfe gegen Raten gew\u00e4hrt wurde. Sie erlassen Regelunterhaltsbeschl\u00fcsse und sind zust\u00e4ndig f\u00fcr die Kostenfestsetzung.<\/span><\/div>\n<div><span style=\"font-size: 10pt; font-family: verdana,geneva,sans-serif;\">\u00a0<\/span><\/div>\n<div><span style=\"font-size: 10pt; font-family: verdana,geneva,sans-serif;\">Bei den <em>Staatsanwaltschaften<\/em> sind die Rechtspfleger im wesentlichen zust\u00e4ndig f\u00fcr die Strafvollstreckung einschliesslich des Erlasses von Haftbefehlen und der Ausschreibung von Personen zur Fahndung. In der Geldstrafenvollstreckung entscheiden sie \u00fcber die Gew\u00e4hrung von Zahlungserleichterungen und Strafaufschub.<\/span><\/div>\n<div><span style=\"font-size: 10pt; font-family: verdana,geneva,sans-serif;\">\u00a0<\/span><\/div>\n<div><span style=\"font-size: 10pt; font-family: verdana,geneva,sans-serif;\">Nach einer Zusatzausbildung k\u00f6nnen sie die Funktionen eines Amtsanwaltes aus\u00fcben und in bestimmten Verfahren wie ein Staatsanwalt Klage erheben.<\/span><\/div>\n<div><span style=\"font-size: 10pt; font-family: verdana,geneva,sans-serif;\">\u00a0<\/span><\/div>\n<div><span style=\"font-size: 10pt; font-family: verdana,geneva,sans-serif;\">In den <em>Gerichtsverwaltungen<\/em><\/span><span style=\"font-family: verdana, geneva, sans-serif; font-size: 10pt;\"> nehmen die Rechtspfleger die Funktionen von Vorgesetzten f\u00fcr die nichtrichterlichen Mitarbeiterinnen und Mitarbeiter wahr und sind f\u00fcr das reibungslose Funktionieren der Gesch\u00e4ftsabl\u00e4ufe mit verantwortlich.<\/span><\/div>\n<div><span style=\"font-size: 10pt; font-family: verdana, geneva, sans-serif;\"><strong>\u00a0<\/strong><\/span><\/div>\n<\/div>\n<p><span style=\"font-size: 10pt;\"><strong><span style=\"font-family: verdana, geneva, sans-serif;\">Einen Film \u00fcber den Beruf des Rechtspflegers finden Sie <a href=\"http:\/\/www.berufe.tv\/studienberufe\/verwaltung-und-recht\/rechtspfleger-in\/\" target=\"_blank\" rel=\"noopener\">hier<\/a>.<\/span><\/strong><\/span><\/p>\n","protected":false},"excerpt":{"rendered":"<div class=\"mh-excerpt\"><p>Was ist ein Rechtspfleger? \u00a0 Rechtspflegerinnen und Rechtspfleger sind Fachjuristen, die insbesondere im Bereich der nichtstreitigen Gerichtsbarkeit die staatliche Rechtsf\u00fcrsorge bei den Amtsgerichten wahrnehmen. In <a class=\"mh-excerpt-more\" href=\"https:\/\/bdr-hamburg.de\/?page_id=88\" title=\"Was ist ein Rechtspfleger?\">[&#8230;]<\/a><\/p>\n<\/div>","protected":false},"author":1,"featured_media":0,"parent":284,"menu_order":0,"comment_status":"closed","ping_status":"closed","template":"","meta":{"_crdt_document":"","cybocfi_hide_featured_image":"","footnotes":""},"class_list":["post-88","page","type-page","status-publish","hentry"],"_links":{"self":[{"href":"https:\/\/bdr-hamburg.de\/index.php?rest_route=\/wp\/v2\/pages\/88","targetHints":{"allow":["GET"]}}],"collection":[{"href":"https:\/\/bdr-hamburg.de\/index.php?rest_route=\/wp\/v2\/pages"}],"about":[{"href":"https:\/\/bdr-hamburg.de\/index.php?rest_route=\/wp\/v2\/types\/page"}],"author":[{"embeddable":true,"href":"https:\/\/bdr-hamburg.de\/index.php?rest_route=\/wp\/v2\/users\/1"}],"replies":[{"embeddable":true,"href":"https:\/\/bdr-hamburg.de\/index.php?rest_route=%2Fwp%2Fv2%2Fcomments&post=88"}],"version-history":[{"count":6,"href":"https:\/\/bdr-hamburg.de\/index.php?rest_route=\/wp\/v2\/pages\/88\/revisions"}],"predecessor-version":[{"id":364,"href":"https:\/\/bdr-hamburg.de\/index.php?rest_route=\/wp\/v2\/pages\/88\/revisions\/364"}],"up":[{"embeddable":true,"href":"https:\/\/bdr-hamburg.de\/index.php?rest_route=\/wp\/v2\/pages\/284"}],"wp:attachment":[{"href":"https:\/\/bdr-hamburg.de\/index.php?rest_route=%2Fwp%2Fv2%2Fmedia&parent=88"}],"curies":[{"name":"wp","href":"https:\/\/api.w.org\/{rel}","templated":true}]}}