{"id":60,"date":"2017-04-22T09:45:57","date_gmt":"2017-04-22T09:45:57","guid":{"rendered":"https:\/\/bdr-hamburg.de\/?page_id=60"},"modified":"2023-02-09T19:51:23","modified_gmt":"2023-02-09T17:51:23","slug":"rpfleger-verteilung","status":"publish","type":"page","link":"https:\/\/bdr-hamburg.de\/?page_id=60","title":{"rendered":"Publikationen"},"content":{"rendered":"<p><span style=\"font-size: 10pt; font-family: verdana, geneva, sans-serif;\">Der Bezug folgender Publikationen ist im Mitgliedsbeitrag enthalten:<\/span><\/p>\n<table>\n<tbody>\n<tr>\n<td><span style=\"font-size: 10pt; font-family: verdana, geneva, sans-serif;\"><a href=\"http:\/\/www.rpfleger.de\/\" target=\"_blank\" rel=\"noopener\">Rpfleger<\/a><\/span><\/td>\n<td><span style=\"font-size: 10pt; font-family: verdana, geneva, sans-serif;\">Fachzeitschrift<\/span><\/td>\n<\/tr>\n<tr>\n<td><span style=\"font-size: 10pt; font-family: verdana, geneva, sans-serif;\"><a href=\"http:\/\/www.bdr-online.de\/bdr\/index.php\/literatur\/rechtspflegerblatt\" target=\"_blank\" rel=\"noopener\">Rechtspflegerblatt<\/a><\/span><\/td>\n<td><span style=\"font-size: 10pt; font-family: verdana, geneva, sans-serif;\">herausgegeben vom BDR Bund<\/span><\/td>\n<\/tr>\n<tr>\n<td><span style=\"font-size: 10pt; font-family: verdana, geneva, sans-serif;\"><a href=\"http:\/\/www.rpfleger.de\/\" target=\"_blank\" rel=\"noopener\">Rechtspfleger-Studienhefte<\/a><\/span><\/td>\n<td>\u00a0<span style=\"font-family: verdana, geneva, sans-serif; font-size: 10pt;\">mit Aufs\u00e4tzen und Klausuren; kostenlos f\u00fcr Anw\u00e4rter<\/span><\/td>\n<\/tr>\n<\/tbody>\n<\/table>\n<p><span style=\"font-family: verdana,geneva,sans-serif; font-size: 10pt;\"><strong>Sie haben den Arbeitsbereich gewechselt?<\/strong><\/span><\/p>\n<p><span style=\"font-family: verdana,geneva,sans-serif; font-size: 10pt;\">Damit unsere Zeitschriften Sie auch weiterhin erreichen, lassen Sie unserem Beisitzer Volker Laedtke einfach eine <span id=\"cloak10411\"><a href=\"mailto:volker.laedtke@bdr-hamburg.de\">Mail<\/a><\/span><\/span><span style=\"font-family: verdana, geneva, sans-serif; font-size: 10pt;\"> zukommen.<\/span><\/p>\n<p><a name=\"grothjahn\"><\/a><span style=\"font-size: 12pt;\"><strong><span style=\"font-family: verdana, geneva, sans-serif;\">Roman \u201eRechtspfleger Grothjahn\u201c<\/span><\/strong><\/span><\/p>\n<p><span style=\"font-size: 10pt; font-family: verdana, geneva, sans-serif;\">Der BDR Hamburg hat 2008 den bislang verschollenen Roman \u201eRechtspfleger Grothjahn\u201c von Heinrich Kuhlmann wiederentdeckt und neu herausgegeben.<\/span><\/p>\n<p><span style=\"font-size: 10pt; font-family: verdana, geneva, sans-serif;\">Der Roman beschreibt in humorvoller Weise das Leben des Heinrich Grothjahn in der Zeit vom 13. September 1897 bis ins Jahr 1933. Es ist eine Geschichte von der Liebe zu einer Frau, von der Liebe zur Musik und von der Liebe zu einem Beruf, der gerade in dieser Zeit entscheidenden Ver\u00e4nderungen unterworfen war. Es beschreibt die Wandlung des Gerichtsschreibers Heinrich Grothjahn zum Rechtspfleger Heinrich Grothjahn und ist damit f\u00fcr den Berufsstand des Rechtspflegers ein unsch\u00e4tzbares Zeitdokument.<\/span><\/p>\n<p><span style=\"font-size: 10pt; font-family: verdana, geneva, sans-serif;\">Wegen des gro\u00dfen Erfolgs liegt der Roman mittlerweile in zweiter (und wohl letzter) Auflage vor.<\/span><\/p>\n<p><span style=\"font-size: 10pt; font-family: verdana, geneva, sans-serif;\"><strong>Bestellung:<\/strong><\/span><\/p>\n<p><span style=\"font-size: 10pt; font-family: verdana, geneva, sans-serif;\">Der Roman kann nur \u00fcber den BDR Hamburg bezogen werden (Buchpreis: 17,00 \u20ac; solange der Vorrat reicht).<\/span><\/p>\n<p><span style=\"font-size: 10pt; font-family: verdana, geneva, sans-serif;\">Zur Bestellung schreiben Sie bitte eine Mail an\u00a0<a href=\"mailto:bdrhamburg@ag.justiz.hamburg.de\"><span id=\"cloak3537\">bdrhamburg@ag.justiz.hamburg.de<\/span><\/a>; dabei geben Sie bitte die Lieferadresse an.<\/span><\/p>\n<p><span style=\"font-size: 10pt; font-family: verdana, geneva, sans-serif;\">Der Preis incl. Porto und Verpackung f\u00fcr ein Exemplar betr\u00e4gt 20,00 \u20ac (f\u00fcr zwei Exemplare 38,00 \u20ac, f\u00fcr mehr Exemplare auf Anfrage).<\/span><\/p>\n<p><span style=\"font-size: 10pt; font-family: verdana, geneva, sans-serif;\">Der Betrag ist vorab auf das Konto<\/span><\/p>\n<p><span style=\"font-size: 10pt; font-family: verdana, geneva, sans-serif;\">Bank: BBBank <\/span><\/p>\n<p><span style=\"font-size: 10pt; font-family: verdana, geneva, sans-serif;\">BIC: GENODE61BBB <\/span><\/p>\n<p><span style=\"font-size: 10pt; font-family: verdana, geneva, sans-serif;\">IBAN: DE35 6609 0800 0000 6803 54 <\/span><\/p>\n<p><span style=\"font-size: 10pt; font-family: verdana, geneva, sans-serif;\">zu \u00fcberweisen. <\/span><\/p>\n<p><span style=\"font-size: 10pt; font-family: verdana, geneva, sans-serif;\">Als Verwendungszweck ist bitte \u201eGrothjahn\u201c sowie der Name anzugeben.<\/span><\/p>\n<p><span style=\"font-size: 10pt; font-family: verdana, geneva, sans-serif;\">Wir bem\u00fchen uns\u00a0um eine z\u00fcgige Abwicklung, der Versand kann aber ab Zahlungseingang etwa ein bis zwei Wochen dauern. Daneben ist zu beachten, dass der Versand aus Kostengr\u00fcnden als B\u00fcchersendung erfolgt, deren Laufzeit l\u00e4nger als eine normale Sendung sein kann.<\/span><\/p>\n<p><span style=\"font-size: 10pt; font-family: verdana, geneva, sans-serif;\">Das Buch ist nicht im Handel erh\u00e4ltlich. Der Versand erfolgt nat\u00fcrlich nur solange der Vorrat reicht! Der Verkauf ist nicht auf Mitglieder und\/oder Rechtspfleger beschr\u00e4nkt.<\/span><\/p>\n<p><span style=\"font-size: 10pt; font-family: verdana, geneva, sans-serif;\"><strong>Leseproben:<\/strong><\/span><\/p>\n<p><span style=\"font-size: 10pt; font-family: verdana, geneva, sans-serif;\"><a href=\"https:\/\/bdr-hamburg.de\/?page_id=173\">Leseprobe I aus dem \u201eRechtspfleger Grothjahn\u201c \u2013 Bartelmann und der Ernst des Lebens<\/a><\/span><\/p>\n<p><span style=\"font-size: 10pt; font-family: verdana, geneva, sans-serif;\"><a href=\"https:\/\/bdr-hamburg.de\/?page_id=170\">Leseprobe II \u2013 Der Referendar<\/a><\/span><\/p>\n","protected":false},"excerpt":{"rendered":"<div class=\"mh-excerpt\"><p>Der Bezug folgender Publikationen ist im Mitgliedsbeitrag enthalten: Rpfleger Fachzeitschrift Rechtspflegerblatt herausgegeben vom BDR Bund Rechtspfleger-Studienhefte \u00a0mit Aufs\u00e4tzen und Klausuren; kostenlos f\u00fcr Anw\u00e4rter Sie haben <a class=\"mh-excerpt-more\" href=\"https:\/\/bdr-hamburg.de\/?page_id=60\" title=\"Publikationen\">[&#8230;]<\/a><\/p>\n<\/div>","protected":false},"author":1,"featured_media":0,"parent":37,"menu_order":0,"comment_status":"closed","ping_status":"closed","template":"","meta":{"_crdt_document":"","cybocfi_hide_featured_image":"","footnotes":""},"class_list":["post-60","page","type-page","status-publish","hentry"],"_links":{"self":[{"href":"https:\/\/bdr-hamburg.de\/index.php?rest_route=\/wp\/v2\/pages\/60","targetHints":{"allow":["GET"]}}],"collection":[{"href":"https:\/\/bdr-hamburg.de\/index.php?rest_route=\/wp\/v2\/pages"}],"about":[{"href":"https:\/\/bdr-hamburg.de\/index.php?rest_route=\/wp\/v2\/types\/page"}],"author":[{"embeddable":true,"href":"https:\/\/bdr-hamburg.de\/index.php?rest_route=\/wp\/v2\/users\/1"}],"replies":[{"embeddable":true,"href":"https:\/\/bdr-hamburg.de\/index.php?rest_route=%2Fwp%2Fv2%2Fcomments&post=60"}],"version-history":[{"count":13,"href":"https:\/\/bdr-hamburg.de\/index.php?rest_route=\/wp\/v2\/pages\/60\/revisions"}],"predecessor-version":[{"id":1044,"href":"https:\/\/bdr-hamburg.de\/index.php?rest_route=\/wp\/v2\/pages\/60\/revisions\/1044"}],"up":[{"embeddable":true,"href":"https:\/\/bdr-hamburg.de\/index.php?rest_route=\/wp\/v2\/pages\/37"}],"wp:attachment":[{"href":"https:\/\/bdr-hamburg.de\/index.php?rest_route=%2Fwp%2Fv2%2Fmedia&parent=60"}],"curies":[{"name":"wp","href":"https:\/\/api.w.org\/{rel}","templated":true}]}}