{"id":51,"date":"2017-04-22T09:39:40","date_gmt":"2017-04-22T09:39:40","guid":{"rendered":"https:\/\/bdr-hamburg.de\/?page_id=51"},"modified":"2022-06-07T19:17:15","modified_gmt":"2022-06-07T17:17:15","slug":"beitraege","status":"publish","type":"page","link":"https:\/\/bdr-hamburg.de\/?page_id=51","title":{"rendered":"Beitr\u00e4ge u.a."},"content":{"rendered":"\n<p class=\"wp-block-paragraph\"><span style=\"font-size: 10pt; font-family: verdana,geneva,sans-serif;\">Die Mitgliederversammlung vom 18.03.2015 hat folgende Beitragsh\u00f6hen ab dem 01.01.2016 beschlossen:&nbsp;<\/span><\/p>\n\n\n\n<figure class=\"wp-block-table\"><table><tbody><tr><td><span style=\"font-size: 10pt; font-family: verdana, geneva, sans-serif;\">1.<\/span><\/td><td><span style=\"font-size: 10pt; font-family: verdana, geneva, sans-serif;\">f\u00fcr Anw\u00e4rter<\/span><\/td><td><span style=\"font-size: 10pt; font-family: verdana, geneva, sans-serif;\">50,00 \u20ac j\u00e4hrlich<\/span><\/td><td><span style=\"font-size: 10pt; font-family: verdana, geneva, sans-serif;\">(25,00 \u20ac halbj\u00e4hrlich)<\/span><\/td><\/tr><tr><td><span style=\"font-size: 10pt; font-family: verdana, geneva, sans-serif;\">2.<\/span><\/td><td><span style=\"font-size: 10pt; font-family: verdana, geneva, sans-serif;\">f\u00fcr Teilzeitkr\u00e4fte (bis 75%)<\/span><\/td><td><span style=\"font-size: 10pt; font-family: verdana, geneva, sans-serif;\">60,00 \u20ac j\u00e4hrlich<\/span><\/td><td><span style=\"font-size: 10pt; font-family: verdana, geneva, sans-serif;\">(30,00 \u20ac halbj\u00e4hrlich)<\/span><\/td><\/tr><tr><td><span style=\"font-size: 10pt; font-family: verdana, geneva, sans-serif;\">3.<\/span><\/td><td><span style=\"font-size: 10pt; font-family: verdana, geneva, sans-serif;\">bei Besoldung A9<\/span><\/td><td><span style=\"font-size: 10pt; font-family: verdana, geneva, sans-serif;\">80,00 \u20ac j\u00e4hrlich<\/span><\/td><td><span style=\"font-size: 10pt; font-family: verdana, geneva, sans-serif;\">(40,00 \u20ac halbj\u00e4hrlich)<\/span><\/td><\/tr><tr><td><span style=\"font-size: 10pt; font-family: verdana, geneva, sans-serif;\">4.<\/span><\/td><td><span style=\"font-size: 10pt; font-family: verdana, geneva, sans-serif;\">bei Besoldung A10<\/span><\/td><td><span style=\"font-size: 10pt; font-family: verdana, geneva, sans-serif;\">90,00 \u20ac j\u00e4hrlich<\/span><\/td><td><span style=\"font-size: 10pt; font-family: verdana, geneva, sans-serif;\">(45,00 \u20ac halbj\u00e4hrlich)<\/span><\/td><\/tr><tr><td><span style=\"font-size: 10pt; font-family: verdana, geneva, sans-serif;\">5.<\/span><\/td><td><span style=\"font-size: 10pt; font-family: verdana, geneva, sans-serif;\">bei Besoldung A11<\/span><\/td><td><span style=\"font-size: 10pt; font-family: verdana, geneva, sans-serif;\">110,00 \u20ac j\u00e4hrlich<\/span><\/td><td><span style=\"font-size: 10pt; font-family: verdana, geneva, sans-serif;\">(55,00 \u20ac halbj\u00e4hrlich)<\/span><\/td><\/tr><tr><td><span style=\"font-size: 10pt; font-family: verdana, geneva, sans-serif;\">6.<\/span><\/td><td><span style=\"font-size: 10pt; font-family: verdana, geneva, sans-serif;\">bei Besoldung A12<\/span><\/td><td><span style=\"font-size: 10pt; font-family: verdana, geneva, sans-serif;\">130,00 \u20ac j\u00e4hrlich<\/span><\/td><td><span style=\"font-size: 10pt; font-family: verdana, geneva, sans-serif;\">(65,00 \u20ac halbj\u00e4hrlich)<\/span><\/td><\/tr><tr><td><span style=\"font-size: 10pt; font-family: verdana, geneva, sans-serif;\">7.<\/span><\/td><td><span style=\"font-size: 10pt; font-family: verdana, geneva, sans-serif;\">bei Besoldung ab A13<\/span><\/td><td><span style=\"font-size: 10pt; font-family: verdana, geneva, sans-serif;\">150,00 \u20ac j\u00e4hrlich<\/span><\/td><td><span style=\"font-size: 10pt; font-family: verdana, geneva, sans-serif;\">(75,00 \u20ac halbj\u00e4hrlich)<\/span><\/td><\/tr><\/tbody><\/table><\/figure>\n\n\n\n<p class=\"wp-block-paragraph\"><span style=\"font-size: 10pt;\"><span style=\"font-family: verdana, geneva, sans-serif;\">Die F\u00e4lligkeiten der Mitgliedsbeitr\u00e4ge wurden auf halbj\u00e4hrlich im Voraus zum 01.01. und 01.07. eines Jahres festgelegt.<\/span><\/span><\/p>\n\n\n\n<p class=\"wp-block-paragraph\"><span style=\"font-size: 10pt; font-family: verdana,geneva,sans-serif;\">Pension\u00e4re sind beitragsfrei.<\/span><\/p>\n\n\n\n<p class=\"wp-block-paragraph\"><span style=\"font-size: 12pt; font-family: verdana, geneva, sans-serif;\"><strong>Bankverbindung<\/strong><\/span><\/p>\n\n\n\n<p class=\"wp-block-paragraph\"><span style=\"font-size: 10pt; font-family: verdana, geneva, sans-serif;\">Unsere Bankverbindung lautet:<\/span><\/p>\n\n\n\n<p class=\"wp-block-paragraph\">Bank: BBBank<br>BIC: GENODE61BBB<br>IBAN: DE35 6609 0800 0000 6803 54<\/p>\n\n\n\n<p class=\"wp-block-paragraph\"><span style=\"font-size: 10pt; font-family: verdana, geneva, sans-serif;\">Bitte \u00fcberweisen Sie den Mitgliedsbeitrag rechtzeitig (halbj\u00e4hrlich im Voraus zum 01.01. und 01.07.) auf das o.a. Konto. Einfacher geht es mit einem Dauerauftrag. Einzugserm\u00e4chtigungen k\u00f6nnen leider nicht entgegen genommen werden.<\/span><\/p>\n\n\n\n<p class=\"wp-block-paragraph\"><span style=\"font-size: 12pt; font-family: verdana, geneva, sans-serif;\"><strong>Bef\u00f6rderung<\/strong><\/span><\/p>\n\n\n\n<p class=\"wp-block-paragraph\"><span style=\"font-size: 10pt; font-family: verdana, geneva, sans-serif;\">Sie sind bef\u00f6rdert worden? Wir gratulieren Ihnen herzlich zur Bef\u00f6rderung!<\/span><\/p>\n\n\n\n<p class=\"wp-block-paragraph\"><span style=\"font-size: 10pt; font-family: verdana, geneva, sans-serif;\">Durch die neue Gehaltsstufe \u00e4ndert sich Ihre Beitragsh\u00f6he. Teilen Sie uns daher bitte Ihre Bef\u00f6rderung per <a href=\"mailto:bdrhamburg@ag.justiz.hamburg.de\">Mail<\/a> mit.<\/span><\/p>\n","protected":false},"excerpt":{"rendered":"<div class=\"mh-excerpt\"><p>Die Mitgliederversammlung vom 18.03.2015 hat folgende Beitragsh\u00f6hen ab dem 01.01.2016 beschlossen:&nbsp; 1. f\u00fcr Anw\u00e4rter 50,00 \u20ac j\u00e4hrlich (25,00 \u20ac halbj\u00e4hrlich) 2. f\u00fcr Teilzeitkr\u00e4fte (bis 75%) <a class=\"mh-excerpt-more\" href=\"https:\/\/bdr-hamburg.de\/?page_id=51\" title=\"Beitr\u00e4ge u.a.\">[&#8230;]<\/a><\/p>\n<\/div>","protected":false},"author":1,"featured_media":0,"parent":37,"menu_order":0,"comment_status":"closed","ping_status":"closed","template":"","meta":{"_crdt_document":"","cybocfi_hide_featured_image":"","footnotes":""},"class_list":["post-51","page","type-page","status-publish","hentry"],"_links":{"self":[{"href":"https:\/\/bdr-hamburg.de\/index.php?rest_route=\/wp\/v2\/pages\/51","targetHints":{"allow":["GET"]}}],"collection":[{"href":"https:\/\/bdr-hamburg.de\/index.php?rest_route=\/wp\/v2\/pages"}],"about":[{"href":"https:\/\/bdr-hamburg.de\/index.php?rest_route=\/wp\/v2\/types\/page"}],"author":[{"embeddable":true,"href":"https:\/\/bdr-hamburg.de\/index.php?rest_route=\/wp\/v2\/users\/1"}],"replies":[{"embeddable":true,"href":"https:\/\/bdr-hamburg.de\/index.php?rest_route=%2Fwp%2Fv2%2Fcomments&post=51"}],"version-history":[{"count":10,"href":"https:\/\/bdr-hamburg.de\/index.php?rest_route=\/wp\/v2\/pages\/51\/revisions"}],"predecessor-version":[{"id":886,"href":"https:\/\/bdr-hamburg.de\/index.php?rest_route=\/wp\/v2\/pages\/51\/revisions\/886"}],"up":[{"embeddable":true,"href":"https:\/\/bdr-hamburg.de\/index.php?rest_route=\/wp\/v2\/pages\/37"}],"wp:attachment":[{"href":"https:\/\/bdr-hamburg.de\/index.php?rest_route=%2Fwp%2Fv2%2Fmedia&parent=51"}],"curies":[{"name":"wp","href":"https:\/\/api.w.org\/{rel}","templated":true}]}}