{"id":48,"date":"2017-04-22T09:38:11","date_gmt":"2017-04-22T09:38:11","guid":{"rendered":"https:\/\/bdr-hamburg.de\/?page_id=48"},"modified":"2024-11-06T11:58:15","modified_gmt":"2024-11-06T09:58:15","slug":"aufgaben","status":"publish","type":"page","link":"https:\/\/bdr-hamburg.de\/?page_id=48","title":{"rendered":"Aufgaben"},"content":{"rendered":"<p><span style=\"font-family: verdana, geneva, sans-serif; font-size: 10pt;\">Der Landesvorstand des BDR Hamburg nimmt u.a.\u00a0die folgenden Aufgaben wahr:<\/span><\/p>\n<p><span style=\"font-size: 10pt; font-family: verdana, geneva, sans-serif;\">\u2022 regelm\u00e4\u00dfige Gespr\u00e4che mit den Gerichtsleitungen insbesondere des Amtsgerichts und dem Pr\u00e4ses der Justizbeh\u00f6rde<\/span><br \/>\n<span style=\"font-size: 10pt; font-family: verdana, geneva, sans-serif;\"> \u2022 Stellungnahmen zu aktuellen Themen und Gesetzgebungsvorhaben<\/span><br \/>\n<span style=\"font-size: 10pt; font-family: verdana, geneva, sans-serif;\"> \u2022 unregelm\u00e4\u00dfige Gespr\u00e4che mit den Vertretern der politischen Parteien<\/span><br \/>\n<span style=\"font-size: 10pt; font-family: verdana, geneva, sans-serif;\"> \u2022 Veranstaltung von Seminaren<\/span><br \/>\n<span style=\"font-size: 10pt; font-family: verdana, geneva, sans-serif;\"> \u2022 Verteilung der Publikationen<\/span><br \/>\n<span style=\"font-size: 10pt; font-family: verdana, geneva, sans-serif;\"> \u2022 Information der Mitglieder durch Mitglieder-Infomails und Pflege einer Homepage<\/span><\/p>\n<p><span style=\"font-family: verdana,geneva,sans-serif; font-size: 10pt;\">Die Bundesleitung des\u00a0<a href=\"http:\/\/www.bdr-online.de\" target=\"_blank\" rel=\"noopener noreferrer\"><span style=\"font-size: 10pt; font-family: verdana, geneva, sans-serif;\">BD<\/span>R Bund<\/a> hat entsprechende Aufgaben auf Bundesebene.<\/span><\/p>\n<p><span style=\"font-family: verdana,geneva,sans-serif; font-size: 10pt;\">Der BDR Hamburg ist Mitglied der <a href=\"https:\/\/eur-online.eu\/\" target=\"_blank\" rel=\"noopener noreferrer\">Europ\u00e4ischen Union der Rechtspfleger<\/a>.<\/span><\/p>\n","protected":false},"excerpt":{"rendered":"<div class=\"mh-excerpt\"><p>Der Landesvorstand des BDR Hamburg nimmt u.a.\u00a0die folgenden Aufgaben wahr: \u2022 regelm\u00e4\u00dfige Gespr\u00e4che mit den Gerichtsleitungen insbesondere des Amtsgerichts und dem Pr\u00e4ses der Justizbeh\u00f6rde \u2022 <a class=\"mh-excerpt-more\" href=\"https:\/\/bdr-hamburg.de\/?page_id=48\" title=\"Aufgaben\">[&#8230;]<\/a><\/p>\n<\/div>","protected":false},"author":1,"featured_media":0,"parent":0,"menu_order":0,"comment_status":"closed","ping_status":"closed","template":"","meta":{"_crdt_document":"","cybocfi_hide_featured_image":"","footnotes":""},"class_list":["post-48","page","type-page","status-publish","hentry"],"_links":{"self":[{"href":"https:\/\/bdr-hamburg.de\/index.php?rest_route=\/wp\/v2\/pages\/48","targetHints":{"allow":["GET"]}}],"collection":[{"href":"https:\/\/bdr-hamburg.de\/index.php?rest_route=\/wp\/v2\/pages"}],"about":[{"href":"https:\/\/bdr-hamburg.de\/index.php?rest_route=\/wp\/v2\/types\/page"}],"author":[{"embeddable":true,"href":"https:\/\/bdr-hamburg.de\/index.php?rest_route=\/wp\/v2\/users\/1"}],"replies":[{"embeddable":true,"href":"https:\/\/bdr-hamburg.de\/index.php?rest_route=%2Fwp%2Fv2%2Fcomments&post=48"}],"version-history":[{"count":3,"href":"https:\/\/bdr-hamburg.de\/index.php?rest_route=\/wp\/v2\/pages\/48\/revisions"}],"predecessor-version":[{"id":1455,"href":"https:\/\/bdr-hamburg.de\/index.php?rest_route=\/wp\/v2\/pages\/48\/revisions\/1455"}],"wp:attachment":[{"href":"https:\/\/bdr-hamburg.de\/index.php?rest_route=%2Fwp%2Fv2%2Fmedia&parent=48"}],"curies":[{"name":"wp","href":"https:\/\/api.w.org\/{rel}","templated":true}]}}