{"id":311,"date":"2017-07-28T16:24:04","date_gmt":"2017-07-28T14:24:04","guid":{"rendered":"https:\/\/bdr-hamburg.de\/?page_id=311"},"modified":"2017-08-21T20:48:20","modified_gmt":"2017-08-21T18:48:20","slug":"fortbildungen","status":"publish","type":"page","link":"https:\/\/bdr-hamburg.de\/?page_id=311","title":{"rendered":"Fortbildungen"},"content":{"rendered":"<p><span style=\"font-size: 10pt; font-family: verdana, geneva, sans-serif;\">Durch Seminarzusch\u00fcsse erm\u00f6glichen wir Ihnen als Mitglied die verg\u00fcnstigte Teilnahme an Fortbildungsseminaren unterschiedlicher Anbieter. Die zuschussf\u00e4higen Fortbildungsangebote sowie alle notwendigen Informationen teilen wir Ihnen \u00fcber die Mitglieder-Infomails mit.<\/span><\/p>\n<p><span style=\"font-size: 10pt; font-family: verdana, geneva, sans-serif;\">Auch der Landesverband veranstaltet j\u00e4hrlich ein eigenes BDR-Seminar in der zweiten Jahresh\u00e4lfte. Hier werden Fortbildungen zu aktuellen Themen sowohl aus dem fachlichen Bereich als auch aus \u00fcbergeordneten Bereichen angeboten. Die Einladung wird rechtzeitig per Mail versandt und in der Rubrik <a href=\"https:\/\/bdr-hamburg.de\/?cat=8\">Rechtspflegerseminar<\/a> bekanntgegeben. F\u00fcr Themenw\u00fcnsche sind wir sehr dankbar. Diese k\u00f6nnen Sie uns jederzeit unter dieser <a href=\"mailto:bdrhamburg@ag.justiz.hamburg.de\">Mailadresse<\/a> \u00fcbermitteln.<\/span><\/p>\n","protected":false},"excerpt":{"rendered":"<div class=\"mh-excerpt\"><p>Durch Seminarzusch\u00fcsse erm\u00f6glichen wir Ihnen als Mitglied die verg\u00fcnstigte Teilnahme an Fortbildungsseminaren unterschiedlicher Anbieter. Die zuschussf\u00e4higen Fortbildungsangebote sowie alle notwendigen Informationen teilen wir Ihnen \u00fcber <a class=\"mh-excerpt-more\" href=\"https:\/\/bdr-hamburg.de\/?page_id=311\" title=\"Fortbildungen\">[&#8230;]<\/a><\/p>\n<\/div>","protected":false},"author":1,"featured_media":0,"parent":37,"menu_order":0,"comment_status":"closed","ping_status":"closed","template":"","meta":{"_crdt_document":"","cybocfi_hide_featured_image":"","footnotes":""},"class_list":["post-311","page","type-page","status-publish","hentry"],"_links":{"self":[{"href":"https:\/\/bdr-hamburg.de\/index.php?rest_route=\/wp\/v2\/pages\/311","targetHints":{"allow":["GET"]}}],"collection":[{"href":"https:\/\/bdr-hamburg.de\/index.php?rest_route=\/wp\/v2\/pages"}],"about":[{"href":"https:\/\/bdr-hamburg.de\/index.php?rest_route=\/wp\/v2\/types\/page"}],"author":[{"embeddable":true,"href":"https:\/\/bdr-hamburg.de\/index.php?rest_route=\/wp\/v2\/users\/1"}],"replies":[{"embeddable":true,"href":"https:\/\/bdr-hamburg.de\/index.php?rest_route=%2Fwp%2Fv2%2Fcomments&post=311"}],"version-history":[{"count":2,"href":"https:\/\/bdr-hamburg.de\/index.php?rest_route=\/wp\/v2\/pages\/311\/revisions"}],"predecessor-version":[{"id":378,"href":"https:\/\/bdr-hamburg.de\/index.php?rest_route=\/wp\/v2\/pages\/311\/revisions\/378"}],"up":[{"embeddable":true,"href":"https:\/\/bdr-hamburg.de\/index.php?rest_route=\/wp\/v2\/pages\/37"}],"wp:attachment":[{"href":"https:\/\/bdr-hamburg.de\/index.php?rest_route=%2Fwp%2Fv2%2Fmedia&parent=311"}],"curies":[{"name":"wp","href":"https:\/\/api.w.org\/{rel}","templated":true}]}}