{"id":294,"date":"2017-07-28T15:49:32","date_gmt":"2017-07-28T13:49:32","guid":{"rendered":"https:\/\/bdr-hamburg.de\/?page_id=294"},"modified":"2017-07-28T15:49:32","modified_gmt":"2017-07-28T13:49:32","slug":"historisches","status":"publish","type":"page","link":"https:\/\/bdr-hamburg.de\/?page_id=294","title":{"rendered":"Historisches"},"content":{"rendered":"<p><span style=\"font-size: 10pt; font-family: verdana, geneva, sans-serif;\">Das Reichsentlastungsgesetz vom 11.03.1921 enthielt erstmals die Erm\u00e4chtigung der Landesjustizverwaltungen zur \u00dcbertragung bestimmter richterlicher Gesch\u00e4fte aus dem Zivilprozessrecht auf den Rechtspfleger.<\/span><\/p>\n<p><span style=\"font-size: 10pt; font-family: verdana, geneva, sans-serif;\">Mit der \u00dcbertragung ehemals richterlicher Aufgaben wurde aus dem Gerichtsschreiber der Rechtspfleger (preu\u00dfische AV vom 28.05.1923).<\/span><\/p>\n<p><span style=\"font-size: 10pt; font-family: verdana, geneva, sans-serif;\">Die wesentlichen strukturellen und systematischen Grundlagen, die das Rechtspflegeramt auch heute noch pr\u00e4gen, wurden mit dem Rechtspflegergesetz von 1957 geschaffen. Neben der Voll\u00fcbertragung richterlicher Aufgaben (\u00a7 3 RPflG) erfolgten Vorbehalts- und Einzel\u00fcbertragungen.<\/span><\/p>\n<p><span style=\"font-size: 10pt; font-family: verdana, geneva, sans-serif;\">Durch das Rechtspflegergesetz von 1969\/1970 wurde das Rechtspflegerrecht neu gestaltet und das Aufgabenfeld des Rechtspflegers erheblich erweitert. Der Rechtspfleger bleibt weiterhin selbstst\u00e4ndiges Organ der Rechtspflege und Beamter des gehobenen Dienstes.<\/span><\/p>\n<p><span style=\"font-size: 10pt; font-family: verdana, geneva, sans-serif;\">Das 2. \u00c4nderungsgesetz zum Rechtspflegergesetz von 1976 sieht als Einstellungsvoraussetzung die allgemeine Fachhochschulreife und f\u00fcr das Studium einen Fachhochschulgang mit Fachstudien von mindestens 18-monatiger Dauer und berufspraktische Studien vor.<\/span><\/p>\n<p><span style=\"font-size: 10pt; font-family: verdana, geneva, sans-serif;\">Ein weiterer Meilenstein in der Geschichte des Rechtspfleger ist die am 01. Oktober 1998 in Kraft getretene \u00c4nderung des Rechtspflegergesetzes. Mit dieser \u00c4nderung wurde die Stellung des Rechtspflegers als \u0084Zweite S\u00e4ule der dritten Gewalt\u0093 gest\u00e4rkt und manifestiert. Der Rechtspfleger hat seitdem eine dem Richter sehr \u00e4hnliche Stellung, gem\u00e4\u00df \u00a7 9 RPflG ist der Rechtspfleger n\u00e4mlich sachlich unabh\u00e4ngig (siehe richterliche Unabh\u00e4ngigkeit gem\u00e4\u00df Art. 97 GG).<\/span><\/p>\n<p><span style=\"font-size: 10pt; font-family: verdana, geneva, sans-serif;\">In dem Gebiet der DDR galt das bisherige Reichsrecht zun\u00e4chst weiter. Durch \u00c4nderung des Gerichtsverfassungsrechts im Jahre 1952 wurde jedoch ein Teil der Rechtspflegeraufgaben dem Gerichtssekret\u00e4r und der gesamte Bereich der Freiwilligen Gerichtsbarkeit entweder den staatlichen Notariaten oder Verwaltungsbeh\u00f6rden \u00fcbertragen. Damit gab es in der DDR seit 1952 keinen Rechtspfleger mehr. Mit der Wiedervereinigung am 03. Oktober 1990 wurde die Institution des Rechtspflegers mit den Aufgaben des Rechtspflegergesetzes hier wieder eingef\u00fchrt.<\/span><\/p>\n<p><span style=\"font-size: 10pt; font-family: verdana, geneva, sans-serif;\">Zweifellos haben die Rechtspflegerinnen und Rechtspfleger nach der Wiedervereinigung am Aufbau der Justiz in den \u00f6stlichen Bundesl\u00e4ndern (nach bundesrepublikanischem Recht) einen gro\u00dfen Beitrag geleistet.<\/span><\/p>\n<p><span style=\"font-size: 10pt; font-family: verdana, geneva, sans-serif;\">(entnommen u.a. dem Leipziger Programm des BDR Bund)<\/span><\/p>\n","protected":false},"excerpt":{"rendered":"<div class=\"mh-excerpt\"><p>Das Reichsentlastungsgesetz vom 11.03.1921 enthielt erstmals die Erm\u00e4chtigung der Landesjustizverwaltungen zur \u00dcbertragung bestimmter richterlicher Gesch\u00e4fte aus dem Zivilprozessrecht auf den Rechtspfleger. Mit der \u00dcbertragung ehemals <a class=\"mh-excerpt-more\" href=\"https:\/\/bdr-hamburg.de\/?page_id=294\" title=\"Historisches\">[&#8230;]<\/a><\/p>\n<\/div>","protected":false},"author":1,"featured_media":0,"parent":284,"menu_order":0,"comment_status":"closed","ping_status":"closed","template":"","meta":{"_crdt_document":"","cybocfi_hide_featured_image":"","footnotes":""},"class_list":["post-294","page","type-page","status-publish","hentry"],"_links":{"self":[{"href":"https:\/\/bdr-hamburg.de\/index.php?rest_route=\/wp\/v2\/pages\/294","targetHints":{"allow":["GET"]}}],"collection":[{"href":"https:\/\/bdr-hamburg.de\/index.php?rest_route=\/wp\/v2\/pages"}],"about":[{"href":"https:\/\/bdr-hamburg.de\/index.php?rest_route=\/wp\/v2\/types\/page"}],"author":[{"embeddable":true,"href":"https:\/\/bdr-hamburg.de\/index.php?rest_route=\/wp\/v2\/users\/1"}],"replies":[{"embeddable":true,"href":"https:\/\/bdr-hamburg.de\/index.php?rest_route=%2Fwp%2Fv2%2Fcomments&post=294"}],"version-history":[{"count":1,"href":"https:\/\/bdr-hamburg.de\/index.php?rest_route=\/wp\/v2\/pages\/294\/revisions"}],"predecessor-version":[{"id":295,"href":"https:\/\/bdr-hamburg.de\/index.php?rest_route=\/wp\/v2\/pages\/294\/revisions\/295"}],"up":[{"embeddable":true,"href":"https:\/\/bdr-hamburg.de\/index.php?rest_route=\/wp\/v2\/pages\/284"}],"wp:attachment":[{"href":"https:\/\/bdr-hamburg.de\/index.php?rest_route=%2Fwp%2Fv2%2Fmedia&parent=294"}],"curies":[{"name":"wp","href":"https:\/\/api.w.org\/{rel}","templated":true}]}}