{"id":22,"date":"2017-04-22T09:14:25","date_gmt":"2017-04-22T09:14:25","guid":{"rendered":"https:\/\/bdr-hamburg.de\/?page_id=22"},"modified":"2026-01-07T13:06:24","modified_gmt":"2026-01-07T11:06:24","slug":"vorstand","status":"publish","type":"page","link":"https:\/\/bdr-hamburg.de\/?page_id=22","title":{"rendered":"Vorstand"},"content":{"rendered":"\n<figure class=\"wp-block-image size-large\"><img loading=\"lazy\" decoding=\"async\" width=\"1024\" height=\"682\" src=\"https:\/\/bdr-hamburg.de\/wp-content\/uploads\/vorstandgesamt-1024x682.jpg\" alt=\"\" class=\"wp-image-1222\" srcset=\"https:\/\/bdr-hamburg.de\/wp-content\/uploads\/vorstandgesamt-1024x682.jpg 1024w, https:\/\/bdr-hamburg.de\/wp-content\/uploads\/vorstandgesamt-300x200.jpg 300w, https:\/\/bdr-hamburg.de\/wp-content\/uploads\/vorstandgesamt-768x512.jpg 768w, https:\/\/bdr-hamburg.de\/wp-content\/uploads\/vorstandgesamt-1536x1024.jpg 1536w, https:\/\/bdr-hamburg.de\/wp-content\/uploads\/vorstandgesamt.jpg 1772w\" sizes=\"auto, (max-width: 1024px) 100vw, 1024px\" \/><\/figure>\n\n\n<p>Der Vorstand besteht aus:<\/p>\n<p>Dipl.-Rpfl. (FH)\u00a0<a href=\"https:\/\/bdr-hamburg.de\/?page_id=1211\"><strong>S\u00f6ren Georg Sauer<\/strong><\/a><br \/>Landesvorsitzender<\/p>\n<p>Dipl.-Rpfl.in (FH)\u00a0<a href=\"https:\/\/bdr-hamburg.de\/?page_id=1240\"><strong>Julia Lange<\/strong><\/a><br \/>stv. Landesvorsitzende<\/p>\n<p>Dipl.-Rpfl. (FH)\u00a0<a href=\"https:\/\/bdr-hamburg.de\/?page_id=1224\"><strong>Roland Pre\u00df<\/strong><\/a><br \/>stv. Landesvorsitzender<\/p>\n<p>Dipl.-Rpfl.in (FH) <a href=\"https:\/\/bdr-hamburg.de\/?page_id=1229\"><strong>Vincent Kl\u00f6nhammer<\/strong><\/a><br \/>Gesch\u00e4ftsf\u00fchrer<\/p>\n<p>Dipl.-Rpfl. (FH)\u00a0<a href=\"https:\/\/bdr-hamburg.de\/?page_id=1231\"><strong>Karolin Korschikowski<\/strong><\/a><br \/>Schatzmeisterin<\/p>\n<p>Dipl.-Rpfl.in (FH)\u00a0<a href=\"https:\/\/bdr-hamburg.de\/?page_id=1233\"><strong>Kirsten Alander<\/strong><\/a><br \/>Beisitzerin<\/p>\n<p>Dipl.-Rpfl.in (FH)\u00a0<a href=\"https:\/\/bdr-hamburg.de\/?page_id=1238\"><strong>Martina Thomzig<\/strong><\/a><br \/>Beisitzerin<\/p>\n<p>Dipl.-Rpfl. (FH)\u00a0<a href=\"https:\/\/bdr-hamburg.de\/?page_id=1235\"><strong>Volker H. Laedtke<\/strong><\/a><br \/>Beisitzer<\/p>\n<p>Dipl.-Rpfl. (FH) <a href=\"https:\/\/bdr-hamburg.de\/?page_id=1227\"><strong>Carola Meyer<\/strong><\/a><br \/>Beisitzerin<\/p>\n<p>Dipl.-Rpfl. (FH) <a href=\"https:\/\/bdr-hamburg.de\/?page_id=1425\"><strong>Mike Tietjen<\/strong><\/a><br \/>Beisitzer<\/p>","protected":false},"excerpt":{"rendered":"<div class=\"mh-excerpt\"><p>Der Vorstand besteht aus: Dipl.-Rpfl. (FH)\u00a0S\u00f6ren Georg SauerLandesvorsitzender Dipl.-Rpfl.in (FH)\u00a0Julia Langestv. Landesvorsitzende Dipl.-Rpfl. (FH)\u00a0Roland Pre\u00dfstv. Landesvorsitzender Dipl.-Rpfl.in (FH) Vincent Kl\u00f6nhammerGesch\u00e4ftsf\u00fchrer Dipl.-Rpfl. (FH)\u00a0Karolin KorschikowskiSchatzmeisterin Dipl.-Rpfl.in (FH)\u00a0Kirsten <a class=\"mh-excerpt-more\" href=\"https:\/\/bdr-hamburg.de\/?page_id=22\" title=\"Vorstand\">[&#8230;]<\/a><\/p>\n<\/div>","protected":false},"author":1,"featured_media":0,"parent":0,"menu_order":0,"comment_status":"closed","ping_status":"closed","template":"","meta":{"_crdt_document":"","cybocfi_hide_featured_image":"","footnotes":""},"class_list":["post-22","page","type-page","status-publish","hentry"],"_links":{"self":[{"href":"https:\/\/bdr-hamburg.de\/index.php?rest_route=\/wp\/v2\/pages\/22","targetHints":{"allow":["GET"]}}],"collection":[{"href":"https:\/\/bdr-hamburg.de\/index.php?rest_route=\/wp\/v2\/pages"}],"about":[{"href":"https:\/\/bdr-hamburg.de\/index.php?rest_route=\/wp\/v2\/types\/page"}],"author":[{"embeddable":true,"href":"https:\/\/bdr-hamburg.de\/index.php?rest_route=\/wp\/v2\/users\/1"}],"replies":[{"embeddable":true,"href":"https:\/\/bdr-hamburg.de\/index.php?rest_route=%2Fwp%2Fv2%2Fcomments&post=22"}],"version-history":[{"count":38,"href":"https:\/\/bdr-hamburg.de\/index.php?rest_route=\/wp\/v2\/pages\/22\/revisions"}],"predecessor-version":[{"id":1668,"href":"https:\/\/bdr-hamburg.de\/index.php?rest_route=\/wp\/v2\/pages\/22\/revisions\/1668"}],"wp:attachment":[{"href":"https:\/\/bdr-hamburg.de\/index.php?rest_route=%2Fwp%2Fv2%2Fmedia&parent=22"}],"curies":[{"name":"wp","href":"https:\/\/api.w.org\/{rel}","templated":true}]}}