{"id":1425,"date":"2024-08-12T18:11:45","date_gmt":"2024-08-12T16:11:45","guid":{"rendered":"https:\/\/bdr-hamburg.de\/?page_id=1425"},"modified":"2024-08-12T18:19:50","modified_gmt":"2024-08-12T16:19:50","slug":"mike-tietjen","status":"publish","type":"page","link":"https:\/\/bdr-hamburg.de\/?page_id=1425","title":{"rendered":"Mike Tietjen"},"content":{"rendered":"<p><img loading=\"lazy\" decoding=\"async\" class=\"alignnone size-full wp-image-1426\" src=\"https:\/\/bdr-hamburg.de\/wp-content\/uploads\/mike-tietjen-scaled.jpeg\" alt=\"\" width=\"2560\" height=\"1706\" srcset=\"https:\/\/bdr-hamburg.de\/wp-content\/uploads\/mike-tietjen-scaled.jpeg 2560w, https:\/\/bdr-hamburg.de\/wp-content\/uploads\/mike-tietjen-300x200.jpeg 300w, https:\/\/bdr-hamburg.de\/wp-content\/uploads\/mike-tietjen-1024x683.jpeg 1024w, https:\/\/bdr-hamburg.de\/wp-content\/uploads\/mike-tietjen-768x512.jpeg 768w, https:\/\/bdr-hamburg.de\/wp-content\/uploads\/mike-tietjen-1536x1024.jpeg 1536w, https:\/\/bdr-hamburg.de\/wp-content\/uploads\/mike-tietjen-2048x1365.jpeg 2048w\" sizes=\"auto, (max-width: 2560px) 100vw, 2560px\" \/>Dipl.-Rpfl. (FH)\u00a0<strong>Mike Tietjen<\/strong><br \/>Beisitzer<\/p>\n<p>Staatsanwaltschaft Hamburg<\/p>\n<p><em>Ich engagiere mich f\u00fcr den BDR, weil ich Einfluss auf die zuk\u00fcnftige Ausgestaltung unseres Berufsstandes in Hamburg nehmen m\u00f6chte. <\/em><\/p>\n\n\n<p class=\"wp-block-paragraph\"><\/p>\n","protected":false},"excerpt":{"rendered":"<div class=\"mh-excerpt\"><p>Dipl.-Rpfl. (FH)\u00a0Mike TietjenBeisitzer Staatsanwaltschaft Hamburg Ich engagiere mich f\u00fcr den BDR, weil ich Einfluss auf die zuk\u00fcnftige Ausgestaltung unseres Berufsstandes in Hamburg nehmen m\u00f6chte.<\/p>\n<\/div>","protected":false},"author":1,"featured_media":0,"parent":22,"menu_order":10,"comment_status":"closed","ping_status":"closed","template":"","meta":{"_crdt_document":"","cybocfi_hide_featured_image":"","footnotes":""},"class_list":["post-1425","page","type-page","status-publish","hentry"],"_links":{"self":[{"href":"https:\/\/bdr-hamburg.de\/index.php?rest_route=\/wp\/v2\/pages\/1425","targetHints":{"allow":["GET"]}}],"collection":[{"href":"https:\/\/bdr-hamburg.de\/index.php?rest_route=\/wp\/v2\/pages"}],"about":[{"href":"https:\/\/bdr-hamburg.de\/index.php?rest_route=\/wp\/v2\/types\/page"}],"author":[{"embeddable":true,"href":"https:\/\/bdr-hamburg.de\/index.php?rest_route=\/wp\/v2\/users\/1"}],"replies":[{"embeddable":true,"href":"https:\/\/bdr-hamburg.de\/index.php?rest_route=%2Fwp%2Fv2%2Fcomments&post=1425"}],"version-history":[{"count":2,"href":"https:\/\/bdr-hamburg.de\/index.php?rest_route=\/wp\/v2\/pages\/1425\/revisions"}],"predecessor-version":[{"id":1431,"href":"https:\/\/bdr-hamburg.de\/index.php?rest_route=\/wp\/v2\/pages\/1425\/revisions\/1431"}],"up":[{"embeddable":true,"href":"https:\/\/bdr-hamburg.de\/index.php?rest_route=\/wp\/v2\/pages\/22"}],"wp:attachment":[{"href":"https:\/\/bdr-hamburg.de\/index.php?rest_route=%2Fwp%2Fv2%2Fmedia&parent=1425"}],"curies":[{"name":"wp","href":"https:\/\/api.w.org\/{rel}","templated":true}]}}