{"id":1240,"date":"2024-03-11T21:39:49","date_gmt":"2024-03-11T19:39:49","guid":{"rendered":"https:\/\/bdr-hamburg.de\/?page_id=1240"},"modified":"2024-08-12T18:15:16","modified_gmt":"2024-08-12T16:15:16","slug":"julia-lange","status":"publish","type":"page","link":"https:\/\/bdr-hamburg.de\/?page_id=1240","title":{"rendered":"Julia Lange"},"content":{"rendered":"\n<figure class=\"wp-block-image size-large\"><img loading=\"lazy\" decoding=\"async\" width=\"1024\" height=\"682\" src=\"https:\/\/bdr-hamburg.de\/wp-content\/uploads\/julia-lange-1024x682.jpg\" alt=\"\" class=\"wp-image-1214\" srcset=\"https:\/\/bdr-hamburg.de\/wp-content\/uploads\/julia-lange-1024x682.jpg 1024w, https:\/\/bdr-hamburg.de\/wp-content\/uploads\/julia-lange-300x200.jpg 300w, https:\/\/bdr-hamburg.de\/wp-content\/uploads\/julia-lange-768x512.jpg 768w, https:\/\/bdr-hamburg.de\/wp-content\/uploads\/julia-lange-1536x1024.jpg 1536w, https:\/\/bdr-hamburg.de\/wp-content\/uploads\/julia-lange.jpg 1772w\" sizes=\"auto, (max-width: 1024px) 100vw, 1024px\" \/><\/figure>\n\n\n<p>Dipl.-Rpfl.in (FH)\u00a0<strong>Julia Lange<\/strong><br \/>stv. Landesvorsitzende<\/p>\n<p>Amtsgericht Hamburg-Barmbek<\/p>\n<p><span data-pb-node-luminance-reversed=\"true\"><i data-pb-node-luminance-reversed=\"true\">Ich engagiere mich f\u00fcr den BDR, weil ich mich f\u00fcr die komplexen und eigenverantwortlichen Zust\u00e4ndigkeiten in den Rechtsgebieten und anderen Funktionen der Rechtspflege einsetzen m\u00f6chte<\/i>.<\/span><\/p>","protected":false},"excerpt":{"rendered":"<div class=\"mh-excerpt\"><p>Dipl.-Rpfl.in (FH)\u00a0Julia Langestv. Landesvorsitzende Amtsgericht Hamburg-Barmbek Ich engagiere mich f\u00fcr den BDR, weil ich mich f\u00fcr die komplexen und eigenverantwortlichen Zust\u00e4ndigkeiten in den Rechtsgebieten und <a class=\"mh-excerpt-more\" href=\"https:\/\/bdr-hamburg.de\/?page_id=1240\" title=\"Julia Lange\">[&#8230;]<\/a><\/p>\n<\/div>","protected":false},"author":1,"featured_media":0,"parent":22,"menu_order":8,"comment_status":"closed","ping_status":"closed","template":"","meta":{"_crdt_document":"","cybocfi_hide_featured_image":"","footnotes":""},"class_list":["post-1240","page","type-page","status-publish","hentry"],"_links":{"self":[{"href":"https:\/\/bdr-hamburg.de\/index.php?rest_route=\/wp\/v2\/pages\/1240","targetHints":{"allow":["GET"]}}],"collection":[{"href":"https:\/\/bdr-hamburg.de\/index.php?rest_route=\/wp\/v2\/pages"}],"about":[{"href":"https:\/\/bdr-hamburg.de\/index.php?rest_route=\/wp\/v2\/types\/page"}],"author":[{"embeddable":true,"href":"https:\/\/bdr-hamburg.de\/index.php?rest_route=\/wp\/v2\/users\/1"}],"replies":[{"embeddable":true,"href":"https:\/\/bdr-hamburg.de\/index.php?rest_route=%2Fwp%2Fv2%2Fcomments&post=1240"}],"version-history":[{"count":2,"href":"https:\/\/bdr-hamburg.de\/index.php?rest_route=\/wp\/v2\/pages\/1240\/revisions"}],"predecessor-version":[{"id":1429,"href":"https:\/\/bdr-hamburg.de\/index.php?rest_route=\/wp\/v2\/pages\/1240\/revisions\/1429"}],"up":[{"embeddable":true,"href":"https:\/\/bdr-hamburg.de\/index.php?rest_route=\/wp\/v2\/pages\/22"}],"wp:attachment":[{"href":"https:\/\/bdr-hamburg.de\/index.php?rest_route=%2Fwp%2Fv2%2Fmedia&parent=1240"}],"curies":[{"name":"wp","href":"https:\/\/api.w.org\/{rel}","templated":true}]}}