{"id":1235,"date":"2024-03-11T21:39:49","date_gmt":"2024-03-11T19:39:49","guid":{"rendered":"https:\/\/bdr-hamburg.de\/?page_id=1235"},"modified":"2024-03-14T13:09:42","modified_gmt":"2024-03-14T11:09:42","slug":"volker-laedtke","status":"publish","type":"page","link":"https:\/\/bdr-hamburg.de\/?page_id=1235","title":{"rendered":"Volker H. Laedtke"},"content":{"rendered":"\n<figure class=\"wp-block-image size-large\"><img loading=\"lazy\" decoding=\"async\" width=\"1024\" height=\"682\" src=\"https:\/\/bdr-hamburg.de\/wp-content\/uploads\/volker-laedtke-1024x682.jpg\" alt=\"\" class=\"wp-image-1221\" srcset=\"https:\/\/bdr-hamburg.de\/wp-content\/uploads\/volker-laedtke-1024x682.jpg 1024w, https:\/\/bdr-hamburg.de\/wp-content\/uploads\/volker-laedtke-300x200.jpg 300w, https:\/\/bdr-hamburg.de\/wp-content\/uploads\/volker-laedtke-768x512.jpg 768w, https:\/\/bdr-hamburg.de\/wp-content\/uploads\/volker-laedtke-1536x1024.jpg 1536w, https:\/\/bdr-hamburg.de\/wp-content\/uploads\/volker-laedtke.jpg 1772w\" sizes=\"auto, (max-width: 1024px) 100vw, 1024px\" \/><\/figure>\n\n\n<p>Dipl.-Rpfl. (FH)\u00a0<strong>Volker H. Laedtke<\/strong><br \/>Beisitzer<\/p>\n<p>Amtsgericht Hamburg<\/p>\n<p><span data-pb-node-luminance-reversed=\"true\"><i data-pb-node-luminance-reversed=\"true\">Ich engagiere mich f\u00fcr den BDR, um die beruflichen Interessen der Rechtspflegerschaft zu f\u00f6rdern, den Austausch innerhalb des Berufsverbandes zu st\u00e4rken und aktiv zur Weiterentwicklung des Rechtspflegerberufs beizutragen.<\/i><\/span><\/p>","protected":false},"excerpt":{"rendered":"<div class=\"mh-excerpt\"><p>Dipl.-Rpfl. (FH)\u00a0Volker H. LaedtkeBeisitzer Amtsgericht Hamburg Ich engagiere mich f\u00fcr den BDR, um die beruflichen Interessen der Rechtspflegerschaft zu f\u00f6rdern, den Austausch innerhalb des Berufsverbandes <a class=\"mh-excerpt-more\" href=\"https:\/\/bdr-hamburg.de\/?page_id=1235\" title=\"Volker H. Laedtke\">[&#8230;]<\/a><\/p>\n<\/div>","protected":false},"author":1,"featured_media":0,"parent":22,"menu_order":9,"comment_status":"closed","ping_status":"closed","template":"","meta":{"_crdt_document":"","cybocfi_hide_featured_image":"","footnotes":""},"class_list":["post-1235","page","type-page","status-publish","hentry"],"_links":{"self":[{"href":"https:\/\/bdr-hamburg.de\/index.php?rest_route=\/wp\/v2\/pages\/1235","targetHints":{"allow":["GET"]}}],"collection":[{"href":"https:\/\/bdr-hamburg.de\/index.php?rest_route=\/wp\/v2\/pages"}],"about":[{"href":"https:\/\/bdr-hamburg.de\/index.php?rest_route=\/wp\/v2\/types\/page"}],"author":[{"embeddable":true,"href":"https:\/\/bdr-hamburg.de\/index.php?rest_route=\/wp\/v2\/users\/1"}],"replies":[{"embeddable":true,"href":"https:\/\/bdr-hamburg.de\/index.php?rest_route=%2Fwp%2Fv2%2Fcomments&post=1235"}],"version-history":[{"count":3,"href":"https:\/\/bdr-hamburg.de\/index.php?rest_route=\/wp\/v2\/pages\/1235\/revisions"}],"predecessor-version":[{"id":1265,"href":"https:\/\/bdr-hamburg.de\/index.php?rest_route=\/wp\/v2\/pages\/1235\/revisions\/1265"}],"up":[{"embeddable":true,"href":"https:\/\/bdr-hamburg.de\/index.php?rest_route=\/wp\/v2\/pages\/22"}],"wp:attachment":[{"href":"https:\/\/bdr-hamburg.de\/index.php?rest_route=%2Fwp%2Fv2%2Fmedia&parent=1235"}],"curies":[{"name":"wp","href":"https:\/\/api.w.org\/{rel}","templated":true}]}}