{"id":1231,"date":"2024-03-11T21:39:49","date_gmt":"2024-03-11T19:39:49","guid":{"rendered":"https:\/\/bdr-hamburg.de\/?page_id=1231"},"modified":"2024-03-11T21:39:49","modified_gmt":"2024-03-11T19:39:49","slug":"karolin-korschikowski","status":"publish","type":"page","link":"https:\/\/bdr-hamburg.de\/?page_id=1231","title":{"rendered":"Karolin Korschikowski"},"content":{"rendered":"\n<figure class=\"wp-block-image size-large\"><img loading=\"lazy\" decoding=\"async\" width=\"1024\" height=\"682\" src=\"https:\/\/bdr-hamburg.de\/wp-content\/uploads\/karolin-korschikowski-1024x682.jpg\" alt=\"\" class=\"wp-image-1215\" srcset=\"https:\/\/bdr-hamburg.de\/wp-content\/uploads\/karolin-korschikowski-1024x682.jpg 1024w, https:\/\/bdr-hamburg.de\/wp-content\/uploads\/karolin-korschikowski-300x200.jpg 300w, https:\/\/bdr-hamburg.de\/wp-content\/uploads\/karolin-korschikowski-768x512.jpg 768w, https:\/\/bdr-hamburg.de\/wp-content\/uploads\/karolin-korschikowski-1536x1024.jpg 1536w, https:\/\/bdr-hamburg.de\/wp-content\/uploads\/karolin-korschikowski.jpg 1772w\" sizes=\"auto, (max-width: 1024px) 100vw, 1024px\" \/><\/figure>\n\n\n<p>Dipl.-Rpfl. (FH)\u00a0<strong>Karolin Korschikowski<\/strong><br \/>Schatzmeisterin<\/p>\n<p>Landgericht Hamburg<\/p>\n<p>Darum engagiere ich mich im BDR:<\/p>\n<p><span data-pb-node-luminance-reversed=\"true\"><i data-pb-node-luminance-reversed=\"true\">Ich engagiere mich f\u00fcr den BDR, weil ich mich f\u00fcr die besoldungs- und berufsrechtlichen Belange auch der j\u00fcngsten Mitglieder einsetzen m\u00f6chte.<\/i><\/span><\/p>","protected":false},"excerpt":{"rendered":"<div class=\"mh-excerpt\"><p>Dipl.-Rpfl. (FH)\u00a0Karolin KorschikowskiSchatzmeisterin Landgericht Hamburg Darum engagiere ich mich im BDR: Ich engagiere mich f\u00fcr den BDR, weil ich mich f\u00fcr die besoldungs- und berufsrechtlichen <a class=\"mh-excerpt-more\" href=\"https:\/\/bdr-hamburg.de\/?page_id=1231\" title=\"Karolin Korschikowski\">[&#8230;]<\/a><\/p>\n<\/div>","protected":false},"author":1,"featured_media":0,"parent":22,"menu_order":5,"comment_status":"closed","ping_status":"closed","template":"","meta":{"_crdt_document":"","cybocfi_hide_featured_image":"","footnotes":""},"class_list":["post-1231","page","type-page","status-publish","hentry"],"_links":{"self":[{"href":"https:\/\/bdr-hamburg.de\/index.php?rest_route=\/wp\/v2\/pages\/1231","targetHints":{"allow":["GET"]}}],"collection":[{"href":"https:\/\/bdr-hamburg.de\/index.php?rest_route=\/wp\/v2\/pages"}],"about":[{"href":"https:\/\/bdr-hamburg.de\/index.php?rest_route=\/wp\/v2\/types\/page"}],"author":[{"embeddable":true,"href":"https:\/\/bdr-hamburg.de\/index.php?rest_route=\/wp\/v2\/users\/1"}],"replies":[{"embeddable":true,"href":"https:\/\/bdr-hamburg.de\/index.php?rest_route=%2Fwp%2Fv2%2Fcomments&post=1231"}],"version-history":[{"count":2,"href":"https:\/\/bdr-hamburg.de\/index.php?rest_route=\/wp\/v2\/pages\/1231\/revisions"}],"predecessor-version":[{"id":1247,"href":"https:\/\/bdr-hamburg.de\/index.php?rest_route=\/wp\/v2\/pages\/1231\/revisions\/1247"}],"up":[{"embeddable":true,"href":"https:\/\/bdr-hamburg.de\/index.php?rest_route=\/wp\/v2\/pages\/22"}],"wp:attachment":[{"href":"https:\/\/bdr-hamburg.de\/index.php?rest_route=%2Fwp%2Fv2%2Fmedia&parent=1231"}],"curies":[{"name":"wp","href":"https:\/\/api.w.org\/{rel}","templated":true}]}}