{"id":1229,"date":"2024-03-11T21:39:34","date_gmt":"2024-03-11T19:39:34","guid":{"rendered":"https:\/\/bdr-hamburg.de\/?page_id=1229"},"modified":"2025-09-11T17:37:30","modified_gmt":"2025-09-11T15:37:30","slug":"leslie-ellen-flockenhaus","status":"publish","type":"page","link":"https:\/\/bdr-hamburg.de\/?page_id=1229","title":{"rendered":"Vincent Kl\u00f6nhammer"},"content":{"rendered":"\n<figure class=\"wp-block-image size-large\"><img loading=\"lazy\" decoding=\"async\" width=\"1024\" height=\"682\" src=\"https:\/\/bdr-hamburg.de\/wp-content\/uploads\/vincentkloenhammer-1024x682.jpg\" alt=\"\" class=\"wp-image-1621\" srcset=\"https:\/\/bdr-hamburg.de\/wp-content\/uploads\/vincentkloenhammer-1024x682.jpg 1024w, https:\/\/bdr-hamburg.de\/wp-content\/uploads\/vincentkloenhammer-300x200.jpg 300w, https:\/\/bdr-hamburg.de\/wp-content\/uploads\/vincentkloenhammer-768x512.jpg 768w, https:\/\/bdr-hamburg.de\/wp-content\/uploads\/vincentkloenhammer-1536x1024.jpg 1536w, https:\/\/bdr-hamburg.de\/wp-content\/uploads\/vincentkloenhammer.jpg 1772w\" sizes=\"auto, (max-width: 1024px) 100vw, 1024px\" \/><\/figure>\n\n\n<p>Dipl.-Rpfl.in (FH)\u00a0<strong>Vincent Kl\u00f6nhammer<\/strong><br \/>Gesch\u00e4ftsf\u00fchrer<\/p>\n<p>Amtsgericht Hamburg-Harburg<\/p>\n<p>&nbsp;<\/p>\n<p>&nbsp;<\/p>","protected":false},"excerpt":{"rendered":"<div class=\"mh-excerpt\"><p>Dipl.-Rpfl.in (FH)\u00a0Vincent Kl\u00f6nhammerGesch\u00e4ftsf\u00fchrer Amtsgericht Hamburg-Harburg &nbsp; &nbsp;<\/p>\n<\/div>","protected":false},"author":1,"featured_media":0,"parent":22,"menu_order":4,"comment_status":"closed","ping_status":"closed","template":"","meta":{"_crdt_document":"","cybocfi_hide_featured_image":"","footnotes":""},"class_list":["post-1229","page","type-page","status-publish","hentry"],"_links":{"self":[{"href":"https:\/\/bdr-hamburg.de\/index.php?rest_route=\/wp\/v2\/pages\/1229","targetHints":{"allow":["GET"]}}],"collection":[{"href":"https:\/\/bdr-hamburg.de\/index.php?rest_route=\/wp\/v2\/pages"}],"about":[{"href":"https:\/\/bdr-hamburg.de\/index.php?rest_route=\/wp\/v2\/types\/page"}],"author":[{"embeddable":true,"href":"https:\/\/bdr-hamburg.de\/index.php?rest_route=\/wp\/v2\/users\/1"}],"replies":[{"embeddable":true,"href":"https:\/\/bdr-hamburg.de\/index.php?rest_route=%2Fwp%2Fv2%2Fcomments&post=1229"}],"version-history":[{"count":4,"href":"https:\/\/bdr-hamburg.de\/index.php?rest_route=\/wp\/v2\/pages\/1229\/revisions"}],"predecessor-version":[{"id":1622,"href":"https:\/\/bdr-hamburg.de\/index.php?rest_route=\/wp\/v2\/pages\/1229\/revisions\/1622"}],"up":[{"embeddable":true,"href":"https:\/\/bdr-hamburg.de\/index.php?rest_route=\/wp\/v2\/pages\/22"}],"wp:attachment":[{"href":"https:\/\/bdr-hamburg.de\/index.php?rest_route=%2Fwp%2Fv2%2Fmedia&parent=1229"}],"curies":[{"name":"wp","href":"https:\/\/api.w.org\/{rel}","templated":true}]}}