{"id":1211,"date":"2024-03-11T21:37:04","date_gmt":"2024-03-11T19:37:04","guid":{"rendered":"https:\/\/bdr-hamburg.de\/?page_id=1211"},"modified":"2024-03-29T21:24:43","modified_gmt":"2024-03-29T19:24:43","slug":"soeren-sauer","status":"publish","type":"page","link":"https:\/\/bdr-hamburg.de\/?page_id=1211","title":{"rendered":"S\u00f6ren Georg Sauer"},"content":{"rendered":"\n<figure class=\"wp-block-image size-large\"><img loading=\"lazy\" decoding=\"async\" width=\"1024\" height=\"682\" src=\"https:\/\/bdr-hamburg.de\/wp-content\/uploads\/soeren-sauer-1024x682.jpg\" alt=\"\" class=\"wp-image-1220\" srcset=\"https:\/\/bdr-hamburg.de\/wp-content\/uploads\/soeren-sauer-1024x682.jpg 1024w, https:\/\/bdr-hamburg.de\/wp-content\/uploads\/soeren-sauer-300x200.jpg 300w, https:\/\/bdr-hamburg.de\/wp-content\/uploads\/soeren-sauer-768x512.jpg 768w, https:\/\/bdr-hamburg.de\/wp-content\/uploads\/soeren-sauer-1536x1024.jpg 1536w, https:\/\/bdr-hamburg.de\/wp-content\/uploads\/soeren-sauer.jpg 1772w\" sizes=\"auto, (max-width: 1024px) 100vw, 1024px\" \/><\/figure>\n\n\n<p>Dipl.-Rpfl. (FH)\u00a0<strong>S\u00f6ren Georg Sauer<\/strong><br \/>Landesvorsitzender<\/p>\n<p>Amtsgericht Hamburg-Harburg<\/p>\n<p>Darum engagiere ich mich im BDR:<\/p>\n<p><i data-pb-node-luminance-reversed=\"true\"><span data-pb-node-luminance-reversed=\"true\">Der Beruf als Rechtspflegerin oder Rechtspfleger ist einer der verantwortungsvollsten und sinnstiftenden Arbeiten der Welt. Ich engagiere mich beim BDR, um den Rechtspflegerberuf sowie seine Anerkennung und Bekanntheit in der Gesellschaft zu f\u00f6rdern und f\u00fcr jetzige und zuk\u00fcnftige Kolleginnen und Kollegen attraktiv zu gestalten. <\/span><\/i><\/p>","protected":false},"excerpt":{"rendered":"<div class=\"mh-excerpt\"><p>Dipl.-Rpfl. (FH)\u00a0S\u00f6ren Georg SauerLandesvorsitzender Amtsgericht Hamburg-Harburg Darum engagiere ich mich im BDR: Der Beruf als Rechtspflegerin oder Rechtspfleger ist einer der verantwortungsvollsten und sinnstiftenden Arbeiten <a class=\"mh-excerpt-more\" href=\"https:\/\/bdr-hamburg.de\/?page_id=1211\" title=\"S\u00f6ren Georg Sauer\">[&#8230;]<\/a><\/p>\n<\/div>","protected":false},"author":1,"featured_media":0,"parent":22,"menu_order":1,"comment_status":"closed","ping_status":"closed","template":"","meta":{"_crdt_document":"","cybocfi_hide_featured_image":"","footnotes":""},"class_list":["post-1211","page","type-page","status-publish","hentry"],"_links":{"self":[{"href":"https:\/\/bdr-hamburg.de\/index.php?rest_route=\/wp\/v2\/pages\/1211","targetHints":{"allow":["GET"]}}],"collection":[{"href":"https:\/\/bdr-hamburg.de\/index.php?rest_route=\/wp\/v2\/pages"}],"about":[{"href":"https:\/\/bdr-hamburg.de\/index.php?rest_route=\/wp\/v2\/types\/page"}],"author":[{"embeddable":true,"href":"https:\/\/bdr-hamburg.de\/index.php?rest_route=\/wp\/v2\/users\/1"}],"replies":[{"embeddable":true,"href":"https:\/\/bdr-hamburg.de\/index.php?rest_route=%2Fwp%2Fv2%2Fcomments&post=1211"}],"version-history":[{"count":4,"href":"https:\/\/bdr-hamburg.de\/index.php?rest_route=\/wp\/v2\/pages\/1211\/revisions"}],"predecessor-version":[{"id":1268,"href":"https:\/\/bdr-hamburg.de\/index.php?rest_route=\/wp\/v2\/pages\/1211\/revisions\/1268"}],"up":[{"embeddable":true,"href":"https:\/\/bdr-hamburg.de\/index.php?rest_route=\/wp\/v2\/pages\/22"}],"wp:attachment":[{"href":"https:\/\/bdr-hamburg.de\/index.php?rest_route=%2Fwp%2Fv2%2Fmedia&parent=1211"}],"curies":[{"name":"wp","href":"https:\/\/api.w.org\/{rel}","templated":true}]}}